{"id":187,"date":"2024-10-31T09:36:55","date_gmt":"2024-10-31T08:36:55","guid":{"rendered":"https:\/\/www.fondazioneromani.org\/?page_id=187"},"modified":"2025-11-19T15:39:37","modified_gmt":"2025-11-19T14:39:37","slug":"progetto-dsa","status":"publish","type":"page","link":"https:\/\/www.fondazioneromani.org\/?page_id=187","title":{"rendered":"Progetto DSA"},"content":{"rendered":"<p>[et_pb_section fb_built=&#8221;1&#8243; _builder_version=&#8221;4.25.2&#8243; _module_preset=&#8221;default&#8221; global_colors_info=&#8221;{}&#8221;][et_pb_row column_structure=&#8221;1_4,1_4,1_4,1_4&#8243; _builder_version=&#8221;4.25.2&#8243; _module_preset=&#8221;default&#8221; global_colors_info=&#8221;{}&#8221;][et_pb_column type=&#8221;1_4&#8243; _builder_version=&#8221;4.25.2&#8243; _module_preset=&#8221;default&#8221; global_colors_info=&#8221;{}&#8221;][et_pb_button button_url=&#8221;#progetto&#8221; button_text=&#8221;Progetto DSA: cos&#8217;\u00e8&#8221; _builder_version=&#8221;4.25.2&#8243; _module_preset=&#8221;default&#8221; custom_padding=&#8221;||2px|||&#8221; box_shadow_style=&#8221;preset4&#8243; global_colors_info=&#8221;{}&#8221;][\/et_pb_button][\/et_pb_column][et_pb_column type=&#8221;1_4&#8243; _builder_version=&#8221;4.25.2&#8243; _module_preset=&#8221;default&#8221; global_colors_info=&#8221;{}&#8221;][et_pb_button button_url=&#8221;#criteri&#8221; button_text=&#8221;Criteri di selezione&#8221; _builder_version=&#8221;4.25.2&#8243; _module_preset=&#8221;default&#8221; custom_padding=&#8221;||2px|||&#8221; box_shadow_style=&#8221;preset4&#8243; global_colors_info=&#8221;{}&#8221;][\/et_pb_button][\/et_pb_column][et_pb_column type=&#8221;1_4&#8243; _builder_version=&#8221;4.25.2&#8243; _module_preset=&#8221;default&#8221; global_colors_info=&#8221;{}&#8221;][et_pb_button button_url=&#8221;#bando&#8221; button_text=&#8221;Cosa prevede il bando&#8221; _builder_version=&#8221;4.25.2&#8243; _module_preset=&#8221;default&#8221; custom_padding=&#8221;||2px|||&#8221; box_shadow_style=&#8221;preset4&#8243; global_colors_info=&#8221;{}&#8221;][\/et_pb_button][\/et_pb_column][et_pb_column type=&#8221;1_4&#8243; _builder_version=&#8221;4.25.2&#8243; _module_preset=&#8221;default&#8221; global_colors_info=&#8221;{}&#8221;][et_pb_button button_url=&#8221;#documenti&#8221; button_text=&#8221;Modulo di iscrizione e info&#8221; _builder_version=&#8221;4.25.2&#8243; _module_preset=&#8221;default&#8221; custom_padding=&#8221;||2px|||&#8221; box_shadow_style=&#8221;preset4&#8243; global_colors_info=&#8221;{}&#8221; button_text__hover_enabled=&#8221;on|desktop&#8221; button_text__hover=&#8221;Modulo di iscrizione e info&#8221;][\/et_pb_button][\/et_pb_column][\/et_pb_row][et_pb_row column_structure=&#8221;2_5,3_5&#8243; _builder_version=&#8221;4.25.2&#8243; _module_preset=&#8221;default&#8221; global_colors_info=&#8221;{}&#8221;][et_pb_column type=&#8221;2_5&#8243; _builder_version=&#8221;4.25.2&#8243; _module_preset=&#8221;default&#8221; global_colors_info=&#8221;{}&#8221;][et_pb_image src=&#8221;https:\/\/www.fondazioneromani.org\/wp-content\/uploads\/2025\/11\/locandina-dsa-2026-2-pdf.jpg&#8221; title_text=&#8221;locandina dsa 2026&#8243; _builder_version=&#8221;4.27.4&#8243; _module_preset=&#8221;default&#8221; hover_enabled=&#8221;0&#8243; global_colors_info=&#8221;{}&#8221; sticky_enabled=&#8221;0&#8243;][\/et_pb_image][\/et_pb_column][et_pb_column type=&#8221;3_5&#8243; _builder_version=&#8221;4.25.2&#8243; _module_preset=&#8221;default&#8221; global_colors_info=&#8221;{}&#8221;][et_pb_text _builder_version=&#8221;4.25.2&#8243; _module_preset=&#8221;default&#8221; inline_fonts=&#8221;Alatsi&#8221; global_colors_info=&#8221;{}&#8221;]<\/p>\n<p><span style=\"font-family: Alatsi; font-weight: normal; font-size: x-large; color: #e02b20;\"><\/span><\/p>\n<p><span style=\"font-family: Alatsi; font-weight: normal; font-size: x-large; color: #e02b20;\"><\/span><\/p>\n<p><span style=\"font-family: Alatsi; font-weight: normal; font-size: x-large; color: #e02b20;\"><\/span><\/p>\n<p><span style=\"font-family: Alatsi; font-weight: normal; font-size: x-large; color: #e02b20;\"><\/span><\/p>\n<p><span style=\"font-family: Alatsi; font-weight: normal; font-size: x-large; color: #e02b20;\"><\/span><\/p>\n<p><span style=\"font-family: Alatsi; font-weight: normal; font-size: x-large; color: #e02b20;\"><\/span><\/p>\n<p><span style=\"font-family: Alatsi; font-weight: normal; font-size: x-large; color: #e02b20;\"><\/span><\/p>\n<p><span style=\"font-family: Alatsi; font-weight: normal; font-size: x-large; color: #e02b20;\"><\/span><\/p>\n<p><span style=\"font-family: Alatsi; font-weight: normal; font-size: x-large; color: #e02b20;\"><\/span><\/p>\n<p><span style=\"font-family: Alatsi; font-weight: normal; font-size: x-large; color: #e02b20;\"><\/span><\/p>\n<p><span style=\"font-family: Alatsi; font-weight: normal; font-size: x-large; color: #e02b20;\"><\/span><\/p>\n<p><span style=\"font-family: Alatsi; font-weight: normal; font-size: x-large; color: #e02b20;\"><\/span><\/p>\n<p><span style=\"font-family: Alatsi; font-weight: normal; font-size: x-large; color: #e02b20;\"><\/span><\/p>\n<p><span style=\"font-family: Alatsi; font-weight: normal; font-size: x-large; color: #e02b20;\">Un progetto promosso dalla Fondazione Romani Sette Schmid<\/span><\/p>\n<p><span style=\"font-family: Alatsi; font-weight: normal; font-size: x-large; color: #e02b20;\">per rendere l&#8217;apprendimento accessibile a tutti!<\/span><\/p>\n<p>&nbsp;<\/p>\n<p>[\/et_pb_text][\/et_pb_column][\/et_pb_row][\/et_pb_section][et_pb_section fb_built=&#8221;1&#8243; module_id=&#8221;progetto&#8221; _builder_version=&#8221;4.25.2&#8243; _module_preset=&#8221;default&#8221; custom_margin=&#8221;-41px|||||&#8221; custom_padding=&#8221;|0px||||&#8221; global_colors_info=&#8221;{}&#8221;][et_pb_row _builder_version=&#8221;4.25.2&#8243; _module_preset=&#8221;default&#8221; custom_margin=&#8221;-18px|auto||auto||&#8221; global_colors_info=&#8221;{}&#8221;][et_pb_column type=&#8221;4_4&#8243; _builder_version=&#8221;4.25.2&#8243; _module_preset=&#8221;default&#8221; global_colors_info=&#8221;{}&#8221;][et_pb_text _builder_version=&#8221;4.25.2&#8243; _module_preset=&#8221;default&#8221; global_colors_info=&#8221;{}&#8221;]<\/p>\n<h2><span style=\"color: #993300;\"><strong>Cos&#8217;\u00e8<\/strong><\/span><\/h2>\n<p style=\"text-align: justify;\">Il Progetto DSA \u00e8 rivolto a bambini\u00a0 e ragazzi in possesso di certificazione di Disturbo Specifico dell&#8217;Apprendimento (DSA) per migliorare le loro competenze e favorire il successo scolastico e personale e che nel contempo non dispongano di risorse economiche sufficienti per il pagamento delle prestazioni neuropsicologiche utili al trattamento.<\/p>\n<p style=\"text-align: justify;\">Il Progetto \u00e8 rivolto a studenti delle scuole primarie e secondarie di primo e secondo grado.<\/p>\n<h2 style=\"text-align: justify;\"><span style=\"color: #993300;\"><strong>\u00a0<\/strong><\/span><\/h2>\n<p>[\/et_pb_text][\/et_pb_column][\/et_pb_row][et_pb_row _builder_version=&#8221;4.25.2&#8243; _module_preset=&#8221;default&#8221; global_colors_info=&#8221;{}&#8221;][et_pb_column type=&#8221;4_4&#8243; _builder_version=&#8221;4.25.2&#8243; _module_preset=&#8221;default&#8221; global_colors_info=&#8221;{}&#8221;][et_pb_text module_id=&#8221;criteri&#8221; _builder_version=&#8221;4.25.2&#8243; _module_preset=&#8221;default&#8221; global_colors_info=&#8221;{}&#8221;]<\/p>\n<h2><span style=\"color: #993300;\"><strong>Criteri di selezione<\/strong><\/span><\/h2>\n<p><strong>PER L\u2019ASSEGNAZIONE DEL CONTRIBUTO <\/strong><strong>E PUNTEGGIO ASSEGNATO<\/strong><\/p>\n<p>&nbsp;<\/p>\n<p style=\"text-align: justify;\"><strong>&#8211; ETA\u2019<\/strong> (partendo dal presupposto che una individuazione precoce riflette un indice di maggior rilevanza del disturbo):<\/p>\n<p style=\"text-align: justify;\">Scuola Primaria 3 punti;<\/p>\n<p style=\"text-align: justify;\">Scuola Secondaria di primo grado 2 punti;<\/p>\n<p style=\"text-align: justify;\">Scuola Secondaria di secondo grado 1 punto.<\/p>\n<p style=\"text-align: justify;\"><strong><br \/>&#8211; ISEE<\/strong><\/p>\n<p style=\"text-align: justify;\">Verr\u00e0 assegnato un punteggio da 1 a 3 in base al coefficiente ISEE<\/p>\n<p style=\"text-align: justify;\"><strong><br \/>-COMORBIDITA\u2019<\/strong><\/p>\n<p style=\"text-align: justify;\">In presenza di un disturbo misto che interessi almeno tre strumentalit\u00e0 (es: lettura, scrittura e calcolo), oppure diagnosi riportante almeno tre DSA in comorbidit\u00e0, oppure presenza di diagnosi di almeno due DSA in comorbidit\u00e0 con altro disturbo evolutivo (es: disturbo del linguaggio, ADHD\u2026) 3 punti;<\/p>\n<p style=\"text-align: justify;\">In presenza di un disturbo misto che interessi due strumentalit\u00e0 (es: lettura e grafia), oppure diagnosi riportante almeno due DSA in comorbidit\u00e0, oppure presenza di diagnosi di un DSA in comorbidit\u00e0 con altro disturbo evolutivo (es: disturbo del linguaggio, ADHD\u2026) 2 punti;<\/p>\n<p style=\"text-align: justify;\">In presenza di un DSA certificato 1 punto.<\/p>\n<p style=\"text-align: justify;\">N.B. Per gli alunni che frequentano classi inferiori o uguali alla terza primaria il punteggio massimo \u00e8 2, non potendoci essere valutazione dell\u2019area del calcolo e della matematica. Si pu\u00f2 raggiungere il punteggio di 3 se in diagnosi vi \u00e8 riferimento a fragilit\u00e0 o difficolt\u00e0 (sebbene non ancora certificate) nell\u2019area del numero e del calcolo.<\/p>\n<p style=\"text-align: justify;\"><strong>-SEVERITA\u2019 DEL DISTURBO<\/strong><\/p>\n<p style=\"text-align: justify;\">Se presente in diagnosi si considera la severit\u00e0 del disturbo, in alternativa fa fede l\u2019indicazione di intervento riportata dallo specialista:<\/p>\n<p style=\"text-align: justify;\">DSA livello grave 3 punti;<\/p>\n<p style=\"text-align: justify;\">DSA livello moderato\/ indicazioni di intervento da parte dello specialista (questo \u00e8 possibile nel caso in cui la certificazione sia recente, non quindi in presenza di aggiornamento della stessa, al fine di dar priorit\u00e0 a chi non ha ancora svolto un percorso di potenziamento, indipendentemente dalla classe e dall\u2019ordine scolastico frequentato) 2 punti;<\/p>\n<p style=\"text-align: justify;\">DSA livello lieve\/ indicazione dello specialista di solo adattamento e intervento a livello scolastico 1 punto.<\/p>\n<p style=\"text-align: justify;\"><strong><br \/>-CONTINUITA\u2019 NEL PROGETTO<\/strong><\/p>\n<p style=\"text-align: justify;\">3 punti a ragazzi che frequentino la Scuola Primaria o Secondaria di primo grado che abbiano gi\u00e0 iniziato il percorso di potenziamento DSA (dopo aver sentito il parere dello specialista che segue il soggetto nel potenziamento).<\/p>\n<p>[\/et_pb_text][\/et_pb_column][\/et_pb_row][et_pb_row _builder_version=&#8221;4.25.2&#8243; _module_preset=&#8221;default&#8221; custom_padding=&#8221;2px|||||&#8221; hover_enabled=&#8221;0&#8243; global_colors_info=&#8221;{}&#8221; sticky_enabled=&#8221;0&#8243;][et_pb_column type=&#8221;4_4&#8243; _builder_version=&#8221;4.25.2&#8243; _module_preset=&#8221;default&#8221; global_colors_info=&#8221;{}&#8221;][et_pb_text module_id=&#8221;bando&#8221; _builder_version=&#8221;4.27.4&#8243; _module_preset=&#8221;default&#8221; hover_enabled=&#8221;0&#8243; global_colors_info=&#8221;{}&#8221; sticky_enabled=&#8221;0&#8243;]<\/p>\n<h2 style=\"text-align: justify;\"><span style=\"color: #993300;\"><strong>Cosa prevede il bando<br \/><\/strong><\/span><\/h2>\n<p>L&#8217;agevolazione prevede la copertura di trattamento e di potenziamento delle competenze deficitarie per un massimo di euro 2.000 per ciascun beneficiario per l&#8217;anno 2026. Saranno selezionati tra le richieste pervenute entro il 31.12.2025 cinque ragazzi che beneficeranno dell&#8217;agevolazione in seguito a graduatoria.<\/p>\n<p>[\/et_pb_text][et_pb_text module_id=&#8221;documenti&#8221; _builder_version=&#8221;4.27.4&#8243; _module_preset=&#8221;default&#8221; custom_padding=&#8221;||1px|||&#8221; hover_enabled=&#8221;0&#8243; global_colors_info=&#8221;{}&#8221; sticky_enabled=&#8221;0&#8243;]<\/p>\n<h2><span style=\"color: #993300;\"><strong>Documenti<\/strong><\/span><\/h2>\n<p style=\"text-align: justify;\">Per dettagli e supporto nella candidatura contattare la segreteria della Fondazione Romani Sette Schmid ETS &#8211; Piazza Romani 8 &#8211; Borgo Valsugana (TN) &#8211; tel. 0461 753134 &#8211; email: <a href=\"mailto:f.romanisetteschmi@gmail.com\">f.romanisetteschmid@gmail.com<\/a> nei seguenti orari: lun, mar, ven 10-12; mer 10-12 e 14-16.30; gio 11-12 e 14-16.30.<\/p>\n<p><a href=\"https:\/\/www.fondazioneromani.org\/wp-content\/uploads\/2025\/11\/Progetto-DSA2026-domanda-contributo-Fondazione-Romani.pdf\" rel=\"attachment wp-att-330\" title=\"ISCRIZIONE\">Clicca qui per scaricare il modulo di iscrizione<\/a><\/p>\n<p><a href=\"https:\/\/www.fondazioneromani.org\/wp-content\/uploads\/2025\/11\/PRIVACY.pdf\" rel=\"attachment wp-att-331\" title=\"PRIVACY\">Clicca qui per scaricare il modulo di informativa privacy<\/a><\/p>\n<p>[\/et_pb_text][\/et_pb_column][\/et_pb_row][\/et_pb_section]<\/p>\n","protected":false},"excerpt":{"rendered":"<p>Un progetto promosso dalla Fondazione Romani Sette Schmid per rendere l&#8217;apprendimento accessibile a tutti! &nbsp;Cos&#8217;\u00e8 Il Progetto DSA \u00e8 rivolto a bambini\u00a0 e ragazzi in possesso di certificazione di Disturbo Specifico dell&#8217;Apprendimento (DSA) per migliorare le loro competenze e favorire il successo scolastico e personale e che nel contempo non dispongano di risorse economiche sufficienti [&hellip;]<\/p>\n","protected":false},"author":1,"featured_media":0,"parent":0,"menu_order":4,"comment_status":"closed","ping_status":"closed","template":"","meta":{"_et_pb_use_builder":"on","_et_pb_old_content":"","_et_gb_content_width":"","footnotes":""},"class_list":["post-187","page","type-page","status-publish","hentry"],"_links":{"self":[{"href":"https:\/\/www.fondazioneromani.org\/index.php?rest_route=\/wp\/v2\/pages\/187","targetHints":{"allow":["GET"]}}],"collection":[{"href":"https:\/\/www.fondazioneromani.org\/index.php?rest_route=\/wp\/v2\/pages"}],"about":[{"href":"https:\/\/www.fondazioneromani.org\/index.php?rest_route=\/wp\/v2\/types\/page"}],"author":[{"embeddable":true,"href":"https:\/\/www.fondazioneromani.org\/index.php?rest_route=\/wp\/v2\/users\/1"}],"replies":[{"embeddable":true,"href":"https:\/\/www.fondazioneromani.org\/index.php?rest_route=%2Fwp%2Fv2%2Fcomments&post=187"}],"version-history":[{"count":52,"href":"https:\/\/www.fondazioneromani.org\/index.php?rest_route=\/wp\/v2\/pages\/187\/revisions"}],"predecessor-version":[{"id":335,"href":"https:\/\/www.fondazioneromani.org\/index.php?rest_route=\/wp\/v2\/pages\/187\/revisions\/335"}],"wp:attachment":[{"href":"https:\/\/www.fondazioneromani.org\/index.php?rest_route=%2Fwp%2Fv2%2Fmedia&parent=187"}],"curies":[{"name":"wp","href":"https:\/\/api.w.org\/{rel}","templated":true}]}}